{"id":357,"date":"2024-11-06T12:37:43","date_gmt":"2024-11-06T12:37:43","guid":{"rendered":"https:\/\/danilopinheiro.com\/websites\/?page_id=357"},"modified":"2024-11-06T12:39:32","modified_gmt":"2024-11-06T12:39:32","slug":"mapa-do-site","status":"publish","type":"page","link":"https:\/\/danilopinheiro.com\/websites\/","title":{"rendered":"Mapa do Site"},"content":{"rendered":"\t\t<div data-elementor-type=\"wp-page\" data-elementor-id=\"357\" class=\"elementor elementor-357\" data-elementor-post-type=\"page\">\n\t\t\t\t<div class=\"elementor-element elementor-element-6364bd5 e-con-full e-flex e-con e-parent\" data-id=\"6364bd5\" data-element_type=\"container\" data-settings=\"{&quot;background_background&quot;:&quot;classic&quot;}\">\n\t\t\t\t<div class=\"elementor-element elementor-element-d412fe7 elementor-grid-4 elementor-grid-mobile-2 elementor-widget__width-initial elementor-grid-tablet-2 elementor-posts--thumbnail-top elementor-widget elementor-widget-posts\" data-id=\"d412fe7\" data-element_type=\"widget\" data-settings=\"{&quot;classic_columns&quot;:&quot;4&quot;,&quot;classic_columns_mobile&quot;:&quot;2&quot;,&quot;classic_masonry&quot;:&quot;yes&quot;,&quot;classic_row_gap_mobile&quot;:{&quot;unit&quot;:&quot;px&quot;,&quot;size&quot;:10,&quot;sizes&quot;:[]},&quot;classic_row_gap&quot;:{&quot;unit&quot;:&quot;px&quot;,&quot;size&quot;:40,&quot;sizes&quot;:[]},&quot;pagination_type&quot;:&quot;load_more_infinite_scroll&quot;,&quot;classic_columns_tablet&quot;:&quot;2&quot;,&quot;classic_row_gap_tablet&quot;:{&quot;unit&quot;:&quot;px&quot;,&quot;size&quot;:&quot;&quot;,&quot;sizes&quot;:[]},&quot;load_more_spinner&quot;:{&quot;value&quot;:&quot;fas fa-spinner&quot;,&quot;library&quot;:&quot;fa-solid&quot;}}\" data-widget_type=\"posts.classic\">\n\t\t\t\t<div class=\"elementor-widget-container\">\n\t\t\t\t\t<div class=\"elementor-posts-container elementor-posts elementor-posts--skin-classic elementor-grid\">\n\t\t\t\t<article class=\"elementor-post elementor-grid-item post-376 post type-post status-publish format-standard has-post-thumbnail hentry category-blog\">\n\t\t\t\t<a class=\"elementor-post__thumbnail__link\" href=\"https:\/\/danilopinheiro.com\/websites\/servico-de-criacao-de-sites-em-havai\/\" tabindex=\"-1\" >\n\t\t\t<div class=\"elementor-post__thumbnail\"><img fetchpriority=\"high\" decoding=\"async\" width=\"800\" height=\"800\" src=\"https:\/\/danilopinheiro.com\/websites\/wp-content\/uploads\/2024\/11\/24.jpg\" class=\"attachment-large size-large wp-image-140\" alt=\"\" srcset=\"https:\/\/danilopinheiro.com\/websites\/wp-content\/uploads\/2024\/11\/24.jpg 810w, https:\/\/danilopinheiro.com\/websites\/wp-content\/uploads\/2024\/11\/24-300x300.jpg 300w, https:\/\/danilopinheiro.com\/websites\/wp-content\/uploads\/2024\/11\/24-150x150.jpg 150w, https:\/\/danilopinheiro.com\/websites\/wp-content\/uploads\/2024\/11\/24-768x768.jpg 768w\" sizes=\"(max-width: 800px) 100vw, 800px\" \/><\/div>\n\t\t<\/a>\n\t\t\t\t<div class=\"elementor-post__text\">\n\t\t\t\t<h1 class=\"elementor-post__title\">\n\t\t\t<a href=\"https:\/\/danilopinheiro.com\/websites\/servico-de-criacao-de-sites-em-havai\/\" >\n\t\t\t\tServi\u00e7o de Cria\u00e7\u00e3o de Sites em Havai\t\t\t<\/a>\n\t\t<\/h1>\n\t\t\n\t\t<a class=\"elementor-post__read-more\" href=\"https:\/\/danilopinheiro.com\/websites\/servico-de-criacao-de-sites-em-havai\/\" aria-label=\"Read more about Servi\u00e7o de Cria\u00e7\u00e3o de Sites em Havai\" tabindex=\"-1\" >\n\t\t\tSaiba Mais \u00bb\t\t<\/a>\n\n\t\t\t\t<\/div>\n\t\t\t\t<\/article>\n\t\t\t\t<article class=\"elementor-post elementor-grid-item post-372 post type-post status-publish format-standard has-post-thumbnail hentry category-blog\">\n\t\t\t\t<a class=\"elementor-post__thumbnail__link\" href=\"https:\/\/danilopinheiro.com\/websites\/criacao-de-landing-pages-em-boston\/\" tabindex=\"-1\" >\n\t\t\t<div class=\"elementor-post__thumbnail\"><img decoding=\"async\" width=\"800\" height=\"800\" src=\"https:\/\/danilopinheiro.com\/websites\/wp-content\/uploads\/2024\/11\/18.jpg\" class=\"attachment-large size-large wp-image-134\" alt=\"\" srcset=\"https:\/\/danilopinheiro.com\/websites\/wp-content\/uploads\/2024\/11\/18.jpg 810w, https:\/\/danilopinheiro.com\/websites\/wp-content\/uploads\/2024\/11\/18-300x300.jpg 300w, https:\/\/danilopinheiro.com\/websites\/wp-content\/uploads\/2024\/11\/18-150x150.jpg 150w, https:\/\/danilopinheiro.com\/websites\/wp-content\/uploads\/2024\/11\/18-768x768.jpg 768w\" sizes=\"(max-width: 800px) 100vw, 800px\" \/><\/div>\n\t\t<\/a>\n\t\t\t\t<div class=\"elementor-post__text\">\n\t\t\t\t<h1 class=\"elementor-post__title\">\n\t\t\t<a href=\"https:\/\/danilopinheiro.com\/websites\/criacao-de-landing-pages-em-boston\/\" >\n\t\t\t\tCria\u00e7\u00e3o de Landing Pages em Boston\t\t\t<\/a>\n\t\t<\/h1>\n\t\t\n\t\t<a class=\"elementor-post__read-more\" href=\"https:\/\/danilopinheiro.com\/websites\/criacao-de-landing-pages-em-boston\/\" aria-label=\"Read more about Cria\u00e7\u00e3o de Landing Pages em Boston\" tabindex=\"-1\" >\n\t\t\tSaiba Mais \u00bb\t\t<\/a>\n\n\t\t\t\t<\/div>\n\t\t\t\t<\/article>\n\t\t\t\t<article class=\"elementor-post elementor-grid-item post-356 post type-post status-publish format-standard has-post-thumbnail hentry category-blog\">\n\t\t\t\t<a class=\"elementor-post__thumbnail__link\" href=\"https:\/\/danilopinheiro.com\/websites\/criacao-de-landing-pages-em-rio-claro-sp\/\" tabindex=\"-1\" >\n\t\t\t<div class=\"elementor-post__thumbnail\"><img decoding=\"async\" width=\"800\" height=\"800\" src=\"https:\/\/danilopinheiro.com\/websites\/wp-content\/uploads\/2024\/11\/20.jpg\" class=\"attachment-large size-large wp-image-136\" alt=\"\" srcset=\"https:\/\/danilopinheiro.com\/websites\/wp-content\/uploads\/2024\/11\/20.jpg 810w, https:\/\/danilopinheiro.com\/websites\/wp-content\/uploads\/2024\/11\/20-300x300.jpg 300w, https:\/\/danilopinheiro.com\/websites\/wp-content\/uploads\/2024\/11\/20-150x150.jpg 150w, https:\/\/danilopinheiro.com\/websites\/wp-content\/uploads\/2024\/11\/20-768x768.jpg 768w\" sizes=\"(max-width: 800px) 100vw, 800px\" \/><\/div>\n\t\t<\/a>\n\t\t\t\t<div class=\"elementor-post__text\">\n\t\t\t\t<h1 class=\"elementor-post__title\">\n\t\t\t<a href=\"https:\/\/danilopinheiro.com\/websites\/criacao-de-landing-pages-em-rio-claro-sp\/\" >\n\t\t\t\tCria\u00e7\u00e3o de Landing Pages em Rio Claro (SP)\t\t\t<\/a>\n\t\t<\/h1>\n\t\t\n\t\t<a class=\"elementor-post__read-more\" href=\"https:\/\/danilopinheiro.com\/websites\/criacao-de-landing-pages-em-rio-claro-sp\/\" aria-label=\"Read more about Cria\u00e7\u00e3o de Landing Pages em Rio Claro (SP)\" tabindex=\"-1\" >\n\t\t\tSaiba Mais \u00bb\t\t<\/a>\n\n\t\t\t\t<\/div>\n\t\t\t\t<\/article>\n\t\t\t\t<article class=\"elementor-post elementor-grid-item post-355 post type-post status-publish format-standard has-post-thumbnail hentry category-blog\">\n\t\t\t\t<a class=\"elementor-post__thumbnail__link\" href=\"https:\/\/danilopinheiro.com\/websites\/criacao-de-sites-em-passo-fundo-rs\/\" tabindex=\"-1\" >\n\t\t\t<div class=\"elementor-post__thumbnail\"><img loading=\"lazy\" decoding=\"async\" width=\"800\" height=\"800\" src=\"https:\/\/danilopinheiro.com\/websites\/wp-content\/uploads\/2024\/11\/17.jpg\" class=\"attachment-large size-large wp-image-133\" alt=\"\" srcset=\"https:\/\/danilopinheiro.com\/websites\/wp-content\/uploads\/2024\/11\/17.jpg 810w, https:\/\/danilopinheiro.com\/websites\/wp-content\/uploads\/2024\/11\/17-300x300.jpg 300w, https:\/\/danilopinheiro.com\/websites\/wp-content\/uploads\/2024\/11\/17-150x150.jpg 150w, https:\/\/danilopinheiro.com\/websites\/wp-content\/uploads\/2024\/11\/17-768x768.jpg 768w\" sizes=\"(max-width: 800px) 100vw, 800px\" \/><\/div>\n\t\t<\/a>\n\t\t\t\t<div class=\"elementor-post__text\">\n\t\t\t\t<h1 class=\"elementor-post__title\">\n\t\t\t<a href=\"https:\/\/danilopinheiro.com\/websites\/criacao-de-sites-em-passo-fundo-rs\/\" >\n\t\t\t\tCria\u00e7\u00e3o de Sites em Passo Fundo (RS)\t\t\t<\/a>\n\t\t<\/h1>\n\t\t\n\t\t<a class=\"elementor-post__read-more\" href=\"https:\/\/danilopinheiro.com\/websites\/criacao-de-sites-em-passo-fundo-rs\/\" aria-label=\"Read more about Cria\u00e7\u00e3o de Sites em Passo Fundo (RS)\" tabindex=\"-1\" >\n\t\t\tSaiba Mais \u00bb\t\t<\/a>\n\n\t\t\t\t<\/div>\n\t\t\t\t<\/article>\n\t\t\t\t<article class=\"elementor-post elementor-grid-item post-354 post type-post status-publish format-standard has-post-thumbnail hentry category-blog\">\n\t\t\t\t<a class=\"elementor-post__thumbnail__link\" href=\"https:\/\/danilopinheiro.com\/websites\/criacao-de-sites-em-palmas-to\/\" tabindex=\"-1\" >\n\t\t\t<div class=\"elementor-post__thumbnail\"><img loading=\"lazy\" decoding=\"async\" width=\"800\" height=\"800\" src=\"https:\/\/danilopinheiro.com\/websites\/wp-content\/uploads\/2024\/11\/13.jpg\" class=\"attachment-large size-large wp-image-129\" alt=\"\" srcset=\"https:\/\/danilopinheiro.com\/websites\/wp-content\/uploads\/2024\/11\/13.jpg 810w, https:\/\/danilopinheiro.com\/websites\/wp-content\/uploads\/2024\/11\/13-300x300.jpg 300w, https:\/\/danilopinheiro.com\/websites\/wp-content\/uploads\/2024\/11\/13-150x150.jpg 150w, https:\/\/danilopinheiro.com\/websites\/wp-content\/uploads\/2024\/11\/13-768x768.jpg 768w\" sizes=\"(max-width: 800px) 100vw, 800px\" \/><\/div>\n\t\t<\/a>\n\t\t\t\t<div class=\"elementor-post__text\">\n\t\t\t\t<h1 class=\"elementor-post__title\">\n\t\t\t<a href=\"https:\/\/danilopinheiro.com\/websites\/criacao-de-sites-em-palmas-to\/\" >\n\t\t\t\tCria\u00e7\u00e3o de Sites em Palmas (TO)\t\t\t<\/a>\n\t\t<\/h1>\n\t\t\n\t\t<a class=\"elementor-post__read-more\" href=\"https:\/\/danilopinheiro.com\/websites\/criacao-de-sites-em-palmas-to\/\" aria-label=\"Read more about Cria\u00e7\u00e3o de Sites em Palmas (TO)\" tabindex=\"-1\" >\n\t\t\tSaiba Mais \u00bb\t\t<\/a>\n\n\t\t\t\t<\/div>\n\t\t\t\t<\/article>\n\t\t\t\t<article class=\"elementor-post elementor-grid-item post-353 post type-post status-publish format-standard has-post-thumbnail hentry category-blog\">\n\t\t\t\t<a class=\"elementor-post__thumbnail__link\" href=\"https:\/\/danilopinheiro.com\/websites\/criacao-de-landing-pages-em-sete-lagoas-mg\/\" tabindex=\"-1\" >\n\t\t\t<div class=\"elementor-post__thumbnail\"><img loading=\"lazy\" decoding=\"async\" width=\"800\" height=\"800\" src=\"https:\/\/danilopinheiro.com\/websites\/wp-content\/uploads\/2024\/11\/1.jpg\" class=\"attachment-large size-large wp-image-117\" alt=\"\" srcset=\"https:\/\/danilopinheiro.com\/websites\/wp-content\/uploads\/2024\/11\/1.jpg 810w, https:\/\/danilopinheiro.com\/websites\/wp-content\/uploads\/2024\/11\/1-300x300.jpg 300w, https:\/\/danilopinheiro.com\/websites\/wp-content\/uploads\/2024\/11\/1-150x150.jpg 150w, https:\/\/danilopinheiro.com\/websites\/wp-content\/uploads\/2024\/11\/1-768x768.jpg 768w\" sizes=\"(max-width: 800px) 100vw, 800px\" \/><\/div>\n\t\t<\/a>\n\t\t\t\t<div class=\"elementor-post__text\">\n\t\t\t\t<h1 class=\"elementor-post__title\">\n\t\t\t<a href=\"https:\/\/danilopinheiro.com\/websites\/criacao-de-landing-pages-em-sete-lagoas-mg\/\" >\n\t\t\t\tCria\u00e7\u00e3o de Landing Pages em Sete Lagoas (MG)\t\t\t<\/a>\n\t\t<\/h1>\n\t\t\n\t\t<a class=\"elementor-post__read-more\" href=\"https:\/\/danilopinheiro.com\/websites\/criacao-de-landing-pages-em-sete-lagoas-mg\/\" aria-label=\"Read more about Cria\u00e7\u00e3o de Landing Pages em Sete Lagoas (MG)\" tabindex=\"-1\" >\n\t\t\tSaiba Mais \u00bb\t\t<\/a>\n\n\t\t\t\t<\/div>\n\t\t\t\t<\/article>\n\t\t\t\t<article class=\"elementor-post elementor-grid-item post-352 post type-post status-publish format-standard has-post-thumbnail hentry category-blog\">\n\t\t\t\t<a class=\"elementor-post__thumbnail__link\" href=\"https:\/\/danilopinheiro.com\/websites\/criacao-de-sites-em-sao-carlos-sp\/\" tabindex=\"-1\" >\n\t\t\t<div class=\"elementor-post__thumbnail\"><img loading=\"lazy\" decoding=\"async\" width=\"800\" height=\"800\" src=\"https:\/\/danilopinheiro.com\/websites\/wp-content\/uploads\/2024\/11\/13.jpg\" class=\"attachment-large size-large wp-image-129\" alt=\"\" srcset=\"https:\/\/danilopinheiro.com\/websites\/wp-content\/uploads\/2024\/11\/13.jpg 810w, https:\/\/danilopinheiro.com\/websites\/wp-content\/uploads\/2024\/11\/13-300x300.jpg 300w, https:\/\/danilopinheiro.com\/websites\/wp-content\/uploads\/2024\/11\/13-150x150.jpg 150w, https:\/\/danilopinheiro.com\/websites\/wp-content\/uploads\/2024\/11\/13-768x768.jpg 768w\" sizes=\"(max-width: 800px) 100vw, 800px\" \/><\/div>\n\t\t<\/a>\n\t\t\t\t<div class=\"elementor-post__text\">\n\t\t\t\t<h1 class=\"elementor-post__title\">\n\t\t\t<a href=\"https:\/\/danilopinheiro.com\/websites\/criacao-de-sites-em-sao-carlos-sp\/\" >\n\t\t\t\tCria\u00e7\u00e3o de Sites em S\u00e3o Carlos (SP)\t\t\t<\/a>\n\t\t<\/h1>\n\t\t\n\t\t<a class=\"elementor-post__read-more\" href=\"https:\/\/danilopinheiro.com\/websites\/criacao-de-sites-em-sao-carlos-sp\/\" aria-label=\"Read more about Cria\u00e7\u00e3o de Sites em S\u00e3o Carlos (SP)\" tabindex=\"-1\" >\n\t\t\tSaiba Mais \u00bb\t\t<\/a>\n\n\t\t\t\t<\/div>\n\t\t\t\t<\/article>\n\t\t\t\t<article class=\"elementor-post elementor-grid-item post-351 post type-post status-publish format-standard has-post-thumbnail hentry category-blog\">\n\t\t\t\t<a class=\"elementor-post__thumbnail__link\" href=\"https:\/\/danilopinheiro.com\/websites\/criacao-de-sites-em-gravatai-rs\/\" tabindex=\"-1\" >\n\t\t\t<div class=\"elementor-post__thumbnail\"><img loading=\"lazy\" decoding=\"async\" width=\"800\" height=\"800\" src=\"https:\/\/danilopinheiro.com\/websites\/wp-content\/uploads\/2024\/11\/13.jpg\" class=\"attachment-large size-large wp-image-129\" alt=\"\" srcset=\"https:\/\/danilopinheiro.com\/websites\/wp-content\/uploads\/2024\/11\/13.jpg 810w, https:\/\/danilopinheiro.com\/websites\/wp-content\/uploads\/2024\/11\/13-300x300.jpg 300w, https:\/\/danilopinheiro.com\/websites\/wp-content\/uploads\/2024\/11\/13-150x150.jpg 150w, https:\/\/danilopinheiro.com\/websites\/wp-content\/uploads\/2024\/11\/13-768x768.jpg 768w\" sizes=\"(max-width: 800px) 100vw, 800px\" \/><\/div>\n\t\t<\/a>\n\t\t\t\t<div class=\"elementor-post__text\">\n\t\t\t\t<h1 class=\"elementor-post__title\">\n\t\t\t<a href=\"https:\/\/danilopinheiro.com\/websites\/criacao-de-sites-em-gravatai-rs\/\" >\n\t\t\t\tCria\u00e7\u00e3o de Sites em Gravata\u00ed (RS)\t\t\t<\/a>\n\t\t<\/h1>\n\t\t\n\t\t<a class=\"elementor-post__read-more\" href=\"https:\/\/danilopinheiro.com\/websites\/criacao-de-sites-em-gravatai-rs\/\" aria-label=\"Read more about Cria\u00e7\u00e3o de Sites em Gravata\u00ed (RS)\" tabindex=\"-1\" >\n\t\t\tSaiba Mais \u00bb\t\t<\/a>\n\n\t\t\t\t<\/div>\n\t\t\t\t<\/article>\n\t\t\t\t<\/div>\n\t\t\t\t\t<span class=\"e-load-more-spinner\">\n\t\t\t\t<svg aria-hidden=\"true\" class=\"e-font-icon-svg e-fas-spinner\" viewBox=\"0 0 512 512\" xmlns=\"http:\/\/www.w3.org\/2000\/svg\"><path d=\"M304 48c0 26.51-21.49 48-48 48s-48-21.49-48-48 21.49-48 48-48 48 21.49 48 48zm-48 368c-26.51 0-48 21.49-48 48s21.49 48 48 48 48-21.49 48-48-21.49-48-48-48zm208-208c-26.51 0-48 21.49-48 48s21.49 48 48 48 48-21.49 48-48-21.49-48-48-48zM96 256c0-26.51-21.49-48-48-48S0 229.49 0 256s21.49 48 48 48 48-21.49 48-48zm12.922 99.078c-26.51 0-48 21.49-48 48s21.49 48 48 48 48-21.49 48-48c0-26.509-21.491-48-48-48zm294.156 0c-26.51 0-48 21.49-48 48s21.49 48 48 48 48-21.49 48-48c0-26.509-21.49-48-48-48zM108.922 60.922c-26.51 0-48 21.49-48 48s21.49 48 48 48 48-21.49 48-48-21.491-48-48-48z\"><\/path><\/svg>\t\t\t<\/span>\n\t\t\n\t\t\t\t<div class=\"e-load-more-anchor\" data-page=\"1\" data-max-page=\"20\" data-next-page=\"https:\/\/danilopinheiro.com\/websites\/wp-json\/wp\/v2\/pages\/357\/page\/2\/\"><\/div>\n\t\t\t\t<div class=\"e-load-more-message\"><\/div>\n\t\t\t\t<\/div>\n\t\t\t\t<\/div>\n\t\t\t\t<\/div>\n\t\t\t\t<\/div>\n\t\t","protected":false},"excerpt":{"rendered":"","protected":false},"author":1,"featured_media":0,"parent":0,"menu_order":0,"comment_status":"closed","ping_status":"closed","template":"","meta":{"footnotes":""},"class_list":["post-357","page","type-page","status-publish","hentry"],"yoast_head":"<!-- This site is optimized with the Yoast SEO plugin v24.0 - https:\/\/yoast.com\/wordpress\/plugins\/seo\/ -->\n<title>Danilo Pinheiro - Mapa do Site<\/title>\n<meta name=\"description\" content=\"Mapa do Site - Danilo Pinheiro\" \/>\n<meta name=\"robots\" content=\"index, follow, max-snippet:-1, max-image-preview:large, max-video-preview:-1\" \/>\n<link rel=\"canonical\" href=\"https:\/\/danilopinheiro.com\/websites\/\" \/>\n<meta property=\"og:locale\" content=\"pt_BR\" \/>\n<meta property=\"og:type\" content=\"article\" \/>\n<meta property=\"og:title\" content=\"Danilo Pinheiro - Mapa do Site\" \/>\n<meta property=\"og:description\" content=\"Mapa do Site - Danilo Pinheiro\" \/>\n<meta property=\"og:url\" content=\"https:\/\/danilopinheiro.com\/websites\/\" \/>\n<meta property=\"og:site_name\" content=\"Danilo Pinheiro\" \/>\n<meta property=\"article:modified_time\" content=\"2024-11-06T12:39:32+00:00\" \/>\n<meta name=\"twitter:card\" content=\"summary_large_image\" \/>\n<meta name=\"twitter:label1\" content=\"Est. tempo de leitura\" \/>\n\t<meta name=\"twitter:data1\" content=\"2 minutos\" \/>\n<script type=\"application\/ld+json\" class=\"yoast-schema-graph\">{\"@context\":\"https:\/\/schema.org\",\"@graph\":[{\"@type\":\"WebPage\",\"@id\":\"https:\/\/danilopinheiro.com\/websites\/\",\"url\":\"https:\/\/danilopinheiro.com\/websites\/\",\"name\":\"Danilo Pinheiro - Mapa do Site\",\"isPartOf\":{\"@id\":\"https:\/\/danilopinheiro.com\/websites\/#website\"},\"datePublished\":\"2024-11-06T12:37:43+00:00\",\"dateModified\":\"2024-11-06T12:39:32+00:00\",\"description\":\"Mapa do Site - Danilo Pinheiro\",\"breadcrumb\":{\"@id\":\"https:\/\/danilopinheiro.com\/websites\/#breadcrumb\"},\"inLanguage\":\"pt-BR\",\"potentialAction\":[{\"@type\":\"ReadAction\",\"target\":[\"https:\/\/danilopinheiro.com\/websites\/\"]}]},{\"@type\":\"BreadcrumbList\",\"@id\":\"https:\/\/danilopinheiro.com\/websites\/#breadcrumb\",\"itemListElement\":[{\"@type\":\"ListItem\",\"position\":1,\"name\":\"In\u00edcio\",\"item\":\"https:\/\/danilopinheiro.com\/websites\/\"},{\"@type\":\"ListItem\",\"position\":2,\"name\":\"Mapa do Site\"}]},{\"@type\":\"WebSite\",\"@id\":\"https:\/\/danilopinheiro.com\/websites\/#website\",\"url\":\"https:\/\/danilopinheiro.com\/websites\/\",\"name\":\"Danilo Pinheiro | Cria\u00e7\u00e3o de Sites\",\"description\":\"Cria\u00e7\u00e3o de Sites\",\"publisher\":{\"@id\":\"https:\/\/danilopinheiro.com\/websites\/#\/schema\/person\/4570a3bb0a5317515d8a8f47bf11fbce\"},\"potentialAction\":[{\"@type\":\"SearchAction\",\"target\":{\"@type\":\"EntryPoint\",\"urlTemplate\":\"https:\/\/danilopinheiro.com\/websites\/?s={search_term_string}\"},\"query-input\":{\"@type\":\"PropertyValueSpecification\",\"valueRequired\":true,\"valueName\":\"search_term_string\"}}],\"inLanguage\":\"pt-BR\"},{\"@type\":[\"Person\",\"Organization\"],\"@id\":\"https:\/\/danilopinheiro.com\/websites\/#\/schema\/person\/4570a3bb0a5317515d8a8f47bf11fbce\",\"name\":\"danilopinheiro\",\"image\":{\"@type\":\"ImageObject\",\"inLanguage\":\"pt-BR\",\"@id\":\"https:\/\/danilopinheiro.com\/websites\/#\/schema\/person\/image\/\",\"url\":\"https:\/\/danilopinheiro.com\/websites\/wp-content\/uploads\/2024\/11\/off-danilo-pinheiro.jpg\",\"contentUrl\":\"https:\/\/danilopinheiro.com\/websites\/wp-content\/uploads\/2024\/11\/off-danilo-pinheiro.jpg\",\"width\":500,\"height\":497,\"caption\":\"danilopinheiro\"},\"logo\":{\"@id\":\"https:\/\/danilopinheiro.com\/websites\/#\/schema\/person\/image\/\"},\"sameAs\":[\"https:\/\/danilopinheiro.com\/websites\"]}]}<\/script>\n<!-- \/ Yoast SEO plugin. -->","yoast_head_json":{"title":"Danilo Pinheiro - Mapa do Site","description":"Mapa do Site - Danilo Pinheiro","robots":{"index":"index","follow":"follow","max-snippet":"max-snippet:-1","max-image-preview":"max-image-preview:large","max-video-preview":"max-video-preview:-1"},"canonical":"https:\/\/danilopinheiro.com\/websites\/","og_locale":"pt_BR","og_type":"article","og_title":"Danilo Pinheiro - Mapa do Site","og_description":"Mapa do Site - Danilo Pinheiro","og_url":"https:\/\/danilopinheiro.com\/websites\/","og_site_name":"Danilo Pinheiro","article_modified_time":"2024-11-06T12:39:32+00:00","twitter_card":"summary_large_image","twitter_misc":{"Est. tempo de leitura":"2 minutos"},"schema":{"@context":"https:\/\/schema.org","@graph":[{"@type":"WebPage","@id":"https:\/\/danilopinheiro.com\/websites\/","url":"https:\/\/danilopinheiro.com\/websites\/","name":"Danilo Pinheiro - Mapa do Site","isPartOf":{"@id":"https:\/\/danilopinheiro.com\/websites\/#website"},"datePublished":"2024-11-06T12:37:43+00:00","dateModified":"2024-11-06T12:39:32+00:00","description":"Mapa do Site - Danilo Pinheiro","breadcrumb":{"@id":"https:\/\/danilopinheiro.com\/websites\/#breadcrumb"},"inLanguage":"pt-BR","potentialAction":[{"@type":"ReadAction","target":["https:\/\/danilopinheiro.com\/websites\/"]}]},{"@type":"BreadcrumbList","@id":"https:\/\/danilopinheiro.com\/websites\/#breadcrumb","itemListElement":[{"@type":"ListItem","position":1,"name":"In\u00edcio","item":"https:\/\/danilopinheiro.com\/websites\/"},{"@type":"ListItem","position":2,"name":"Mapa do Site"}]},{"@type":"WebSite","@id":"https:\/\/danilopinheiro.com\/websites\/#website","url":"https:\/\/danilopinheiro.com\/websites\/","name":"Danilo Pinheiro | Cria\u00e7\u00e3o de Sites","description":"Cria\u00e7\u00e3o de Sites","publisher":{"@id":"https:\/\/danilopinheiro.com\/websites\/#\/schema\/person\/4570a3bb0a5317515d8a8f47bf11fbce"},"potentialAction":[{"@type":"SearchAction","target":{"@type":"EntryPoint","urlTemplate":"https:\/\/danilopinheiro.com\/websites\/?s={search_term_string}"},"query-input":{"@type":"PropertyValueSpecification","valueRequired":true,"valueName":"search_term_string"}}],"inLanguage":"pt-BR"},{"@type":["Person","Organization"],"@id":"https:\/\/danilopinheiro.com\/websites\/#\/schema\/person\/4570a3bb0a5317515d8a8f47bf11fbce","name":"danilopinheiro","image":{"@type":"ImageObject","inLanguage":"pt-BR","@id":"https:\/\/danilopinheiro.com\/websites\/#\/schema\/person\/image\/","url":"https:\/\/danilopinheiro.com\/websites\/wp-content\/uploads\/2024\/11\/off-danilo-pinheiro.jpg","contentUrl":"https:\/\/danilopinheiro.com\/websites\/wp-content\/uploads\/2024\/11\/off-danilo-pinheiro.jpg","width":500,"height":497,"caption":"danilopinheiro"},"logo":{"@id":"https:\/\/danilopinheiro.com\/websites\/#\/schema\/person\/image\/"},"sameAs":["https:\/\/danilopinheiro.com\/websites"]}]}},"_links":{"self":[{"href":"https:\/\/danilopinheiro.com\/websites\/wp-json\/wp\/v2\/pages\/357","targetHints":{"allow":["GET"]}}],"collection":[{"href":"https:\/\/danilopinheiro.com\/websites\/wp-json\/wp\/v2\/pages"}],"about":[{"href":"https:\/\/danilopinheiro.com\/websites\/wp-json\/wp\/v2\/types\/page"}],"author":[{"embeddable":true,"href":"https:\/\/danilopinheiro.com\/websites\/wp-json\/wp\/v2\/users\/1"}],"replies":[{"embeddable":true,"href":"https:\/\/danilopinheiro.com\/websites\/wp-json\/wp\/v2\/comments?post=357"}],"version-history":[{"count":10,"href":"https:\/\/danilopinheiro.com\/websites\/wp-json\/wp\/v2\/pages\/357\/revisions"}],"predecessor-version":[{"id":367,"href":"https:\/\/danilopinheiro.com\/websites\/wp-json\/wp\/v2\/pages\/357\/revisions\/367"}],"wp:attachment":[{"href":"https:\/\/danilopinheiro.com\/websites\/wp-json\/wp\/v2\/media?parent=357"}],"curies":[{"name":"wp","href":"https:\/\/api.w.org\/{rel}","templated":true}]}}